{"id":36,"date":"2013-12-27T13:19:35","date_gmt":"2013-12-27T13:19:35","guid":{"rendered":"http:\/\/site2.ctfc.cat\/?page_id=36"},"modified":"2016-04-22T12:40:25","modified_gmt":"2016-04-22T12:40:25","slug":"results","status":"publish","type":"page","link":"https:\/\/newforests.cat\/?page_id=36","title":{"rendered":"Results"},"content":{"rendered":"<ul>\n<li><a title=\"Kick-off Meeting results\" href=\"https:\/\/newforests.cat\/?page_id=93\">Kick-off Meeting results<\/a><\/li>\n<\/ul>\n<p>&nbsp;<\/p>\n<ul>\n<li><a href=\"https:\/\/newforests.cat\/wp-content\/uploads\/2013\/12\/PROTOCOL-FOR-STAGE-EXCHANGE-WITHIN-THE-NEWFORESTS-PROJECT.pdf\">Project Management Plan (PMP)<\/a><\/li>\n<\/ul>\n<p>&nbsp;<\/p>\n<p>SCI publications:<\/p>\n<div class=\"datagrid\">\n<table>\n<thead>\n<tr>\n<th width=\"200\">Title<\/th>\n<th width=\"120\">Journal<\/th>\n<th width=\"104\">Year<\/th>\n<th width=\"113\">Authors<\/th>\n<th width=\"140\">+info<\/th>\n<\/tr>\n<\/thead>\n<tbody>\n<tr>\n<td width=\"200\">Assessing the persistence capacity of communities facing natural disturbances on the basis of species response traits.<\/td>\n<td width=\"120\">Ecological Indicators<\/td>\n<td width=\"104\">2016<\/td>\n<td width=\"113\">S\u00e1nchez-Pinillos, M; Coll, L; De C\u00e1ceres, M; Am\u00e9ztegui, A.<\/td>\n<td width=\"140\"><a href=\"http:\/\/www.sciencedirect.com\/science\/article\/pii\/S1470160X16000388\" target=\"_blank\">Info<\/a><\/td>\n<\/tr>\n<tr class=\"alt\">\n<td width=\"200\">Mediterranean fire regime effects on pine-oak forest landscape mosaics under global change in NE Spain<\/td>\n<td width=\"120\">European Journal of Forest Research<\/td>\n<td width=\"104\">2016<\/td>\n<td width=\"113\">Gil-Tena, A; Aquilu\u00e9, N; Duane, A; De C\u00e1ceres, M.; Brotons,L<\/td>\n<td width=\"140\"><a href=\"http:\/\/link.springer.com\/article\/10.1007\/s10342-016-0943-1\" target=\"_blank\">Info<\/a><\/td>\n<\/tr>\n<tr>\n<td width=\"200\">Synergies Between Forest Biomass Extraction for Bioenergy and Fire Suppression in Mediterranean Ecosystems: Insights from a Storyline-and-Simulation Approach<\/td>\n<td width=\"120\">Ecosystems<\/td>\n<td width=\"104\">2016<\/td>\n<td width=\"113\">Regos, A; Aquilu\u00e9, N; L\u00f3pez, I; Codina,M; Retana, J; Brotons, L.<\/td>\n<td width=\"140\"><a href=\"http:\/\/link.springer.com\/article\/10.1007%2Fs10021-016-9968-z\" target=\"_blank\">Info<\/a><\/td>\n<\/tr>\n<tr class=\"alt\">\n<td width=\"200\">Land-use legacies rather than climate change are driving the recent upward shift of the mountain tree line in the Pyrenees<\/td>\n<td width=\"120\">Global Ecology and Biogeography<\/td>\n<td width=\"104\">2016<\/td>\n<td width=\"113\">Ameztegui A, Coll L, Brotons L, Ninot JM<\/td>\n<td width=\"140\"><a href=\"http:\/\/onlinelibrary.wiley.com\/doi\/10.1111\/geb.12407\/abstract?userIsAuthenticated=false&amp;deniedAccessCustomisedMessage=\" target=\"_blank\">Info<\/a><\/td>\n<\/tr>\n<tr>\n<td width=\"200\">Biomass offsets little or none of permafrost carbon release from soils, streams, and wildfire: an expert assessment<\/td>\n<td width=\"120\">Environmental Research Letters<\/td>\n<td width=\"104\">2016<\/td>\n<td width=\"113\">Benjamin W Abbott , Jeremy B Jones , Edward A G Schuur , F Stuart Chapin III , William B Bowden , M Syndonia Bret-Harte , Howard E Epstein , Michael D Flannigan , Tamara K Harms , Teresa N Hollingsworth , Michelle C Mack , A David McGuire , Susan M Natali , Adrian V Rocha , Suzanne E Tank , &#8230;<\/td>\n<td width=\"140\"><a href=\"http:\/\/iopscience.iop.org\/article\/10.1088\/1748-9326\/11\/3\/034014\" target=\"_blank\">Info<\/a><\/td>\n<\/tr>\n<tr class=\"alt\">\n<td width=\"200\">Diversifying sub-Mediterranean pinewoods with oak species in a context of assisted migration: responses to local climate and light environment<\/td>\n<td width=\"120\">Applied Vegetation Science<\/td>\n<td width=\"104\">2015<\/td>\n<td width=\"113\">Mart\u00edn-Alcon, S; Coll, L; Am\u00e9ztegui, A.<\/td>\n<td width=\"140\"><a href=\"http:\/\/onlinelibrary.wiley.com\/doi\/10.1111\/avsc.12216\/abstract\" target=\"_blank\">Info<\/a><\/td>\n<\/tr>\n<tr>\n<td width=\"200\">Suitability of poplar plantations for a cavity nesting specialist, the Lesser Spotted Woodpecker Dendrocopos minor, in the Mediterranean mosaic landscape<\/td>\n<td width=\"120\">Acta Ornithologica<\/td>\n<td width=\"104\">2015<\/td>\n<td width=\"113\">Camprodon J., Faus J., Salvany\u00e0 P., Soler-Zurita J., Romero J. L<\/td>\n<td width=\"140\"><a href=\"http:\/\/www.bioone.org\/doi\/10.3161\/00016454AO2015.50.2.004\" target=\"_blank\">Info<\/a><\/td>\n<\/tr>\n<tr class=\"alt\">\n<td width=\"200\">Holocene variations of wildfire occurrence as a guide for sustainable management of the northeastern Canadian boreal forest<\/td>\n<td width=\"120\">Forest Ecosytems<\/td>\n<td width=\"104\">2015<\/td>\n<td width=\"113\">Ahmed El-Guellab, Hugo Asselin, Sylvie Gauthier, Yves Bergeron and Adam A. Ali.<\/td>\n<td width=\"140\"><a href=\"http:\/\/forestecosyst.springeropen.com\/articles\/10.1186\/s40663-015-0039-2\" target=\"_blank\">Info<\/a><\/td>\n<\/tr>\n<tr>\n<td width=\"200\">Evaluating the persistence of post\u2010fire residual patches in the eastern Canadian boreal mixedwood forest<\/td>\n<td width=\"120\">Boreas<\/td>\n<td width=\"104\">2015<\/td>\n<td width=\"113\">Ouarmim, S., Ali, AA., Asselin, H., H\u00e9ly, C., Bergeron, Y.<\/td>\n<td width=\"140\"><a href=\"http:\/\/onlinelibrary.wiley.com\/doi\/10.1111\/bor.12087\/abstract\" target=\"_blank\">Info<\/a><\/td>\n<\/tr>\n<tr class=\"alt\">\n<td width=\"200\">Regional paleofire regimes affected by non-uniform climate, vegetation and human drivers<\/td>\n<td width=\"120\">Scientific Reports<\/td>\n<td width=\"104\">2015<\/td>\n<td width=\"113\">Olivier Blarquez, Adam A. Ali, Martin P. Girardin, Pierre Grondin, Bianca Fr\u00e9chette, Yves Bergeron &amp; Christelle H\u00e9ly<\/td>\n<td width=\"140\"><a href=\"http:\/\/www.ncbi.nlm.nih.gov\/pmc\/articles\/PMC4557068\/\" target=\"_blank\">Info<\/a><\/td>\n<\/tr>\n<tr>\n<td width=\"200\">Modelling the effect of climate-induced changes in recruitment and juvenile growth on mixed-forest dynamics: The case of montane\u2013subalpine Pyrenean ecotones<\/td>\n<td width=\"120\">Ecological Modelling<\/td>\n<td width=\"104\">2015<\/td>\n<td width=\"113\">Ameztegui A, Coll L, Messier C<\/td>\n<td width=\"140\"><a href=\"http:\/\/www.sciencedirect.com\/science\/article\/pii\/S0304380015002781\" target=\"_blank\">Info<\/a><\/td>\n<\/tr>\n<tr class=\"alt\">\n<td width=\"200\">Herbivory and seedling establishment in Pyrenean forests: Influence of micro- and meso-habitat factors on browsing pressure<\/td>\n<td width=\"120\">Forest Ecology and Management<\/td>\n<td width=\"104\">2015<\/td>\n<td width=\"113\">Ameztegui A, Coll L<\/td>\n<td width=\"140\"><a href=\"http:\/\/www.sciencedirect.com\/science\/article\/pii\/S0378112715000237\" target=\"_blank\">Info<\/a><\/td>\n<\/tr>\n<tr>\n<td width=\"200\">Unexpected warming\u2010induced growth decline in Thuja occidentalis at its northern limits in North America<\/td>\n<td width=\"120\">Journal of Biogeography<\/td>\n<td width=\"104\">2015<\/td>\n<td width=\"113\">Housset JM., Girardin, MP ., Baconnet, M., Carcaillet, C., Bergeron, Y.<\/td>\n<td width=\"140\"><a href=\"http:\/\/onlinelibrary.wiley.com\/wol1\/doi\/10.1111\/jbi.12508\/abstract\" target=\"_blank\">Info<\/a><\/td>\n<\/tr>\n<tr class=\"alt\">\n<td width=\"200\">Main dynamics and drivers of boreal forests fire regimes during the Holocene<\/td>\n<td width=\"120\">Geophysical research abstracts<\/td>\n<td width=\"104\">2015<\/td>\n<td width=\"113\">Molinari C., Lehsten, V., Blarquez, O., Clear, J., Carcaillet, C., Bradshaw, RHW.<\/td>\n<td width=\"140\"><a href=\"http:\/\/adsabs.harvard.edu\/abs\/2015EGUGA..17..428M\" target=\"_blank\">Info<\/a><\/td>\n<\/tr>\n<tr>\n<td width=\"200\">Disentangling the trajectories of alpha, beta and gamma plant diversity of North American boreal ecoregions since 15,500 years<\/td>\n<td width=\"120\">Frontiers in Ecology and Evolution<\/td>\n<td width=\"104\">2014<\/td>\n<td width=\"113\">Blarquez O.*, Carcaillet C.*, Frejaville T., Bergeron Y.<\/td>\n<td width=\"140\"><a href=\"http:\/\/journal.frontiersin.org\/article\/10.3389\/fevo.2014.00006\/full\" target=\"_blank\">Info<\/a><\/td>\n<\/tr>\n<tr class=\"alt\">\n<td width=\"200\">Intercropping trees\u2019 effect on soil oribatid diversity in agro-ecosystems<\/td>\n<td width=\"120\">Agroforestry Systems<\/td>\n<td width=\"104\">2014<\/td>\n<td width=\"113\">Doblas-Miranda, E., Paquette, A., &amp; Work, T. T.<\/td>\n<td width=\"140\"><a href=\"http:\/\/link.springer.com\/article\/10.1007%2Fs10457-014-9680-y#page-1\" target=\"_blank\">Info<\/a><\/td>\n<\/tr>\n<tr>\n<td width=\"200\">Long-term effects of climate and land-use change on larch budmoth outbreaks in the French Alps<\/td>\n<td width=\"120\">Climate research<\/td>\n<td width=\"104\">2014<\/td>\n<td width=\"113\">Battipaglia G., B\u00fcntgen U., McCloskey, SPJ., Blarquez O., Denis, N., Paradis, L., Brossier, B., Fournier, T., Carcaillet, C.<\/td>\n<td width=\"140\"><a href=\"http:\/\/www.int-res.com\/abstracts\/cr\/v62\/n1\/p1-14\/\" target=\"_blank\">Info<\/a><\/td>\n<\/tr>\n<tr class=\"alt\">\n<td width=\"200\">Periglacial fires and trees in a continental setting of Central Canada, Upper Pleistocene<\/td>\n<td width=\"120\">Geobiology<\/td>\n<td width=\"104\">2014<\/td>\n<td width=\"113\">B\u00e9langer, N., Carcaillet, C., Padbury, G. a, Harvey-Schafer, a N., &amp; Van Rees, K. J. C.<\/td>\n<td width=\"140\"><a href=\"http:\/\/www.ncbi.nlm.nih.gov\/pubmed\/24405713\" target=\"_blank\">Info<\/a><\/td>\n<\/tr>\n<tr>\n<td width=\"200\">Using tree-ring records to calibrate peak detection in fire reconstructions based on sedimentary charcoal records<\/td>\n<td width=\"120\">The Holocene<\/td>\n<td width=\"104\">2014<\/td>\n<td width=\"113\">Brossier, B., Oris, F., Fisinger, W., Asselin, H., Bergeron, Y., &amp; Ali, A. A.<\/td>\n<td width=\"140\"><a href=\"http:\/\/hol.sagepub.com\/content\/early\/2014\/03\/27\/0959683614526902\" target=\"_blank\">Info<\/a><\/td>\n<\/tr>\n<tr class=\"alt\">\n<td width=\"200\">Viewing forests through the lens of complex systems science<\/td>\n<td width=\"120\">Ecosphere<\/td>\n<td width=\"104\">2014<\/td>\n<td width=\"113\">Filotas, E., Parrott, L., Burton, P., Chazdon, R., Coates, K., Coll, L., \u2026 Messier, C.<\/td>\n<td width=\"140\"><a href=\"http:\/\/onlinelibrary.wiley.com\/doi\/10.1890\/ES13-00182.1\/abstract\" target=\"_blank\">Info<\/a><\/td>\n<\/tr>\n<tr>\n<td width=\"200\">Resistance of mixed subalpine forest to fire frequency changes: the ecological function of dwarf pine<\/td>\n<td width=\"120\">Quaternary Science Reviews<\/td>\n<td width=\"104\">2014<\/td>\n<td width=\"113\">Leys, B., Carcaillet, C., Blarquez, O., Lami, A., Musazzi, S., &amp; Trevisan, R.<\/td>\n<td width=\"140\"><a href=\"http:\/\/www.sciencedirect.com\/science\/article\/pii\/S0277379114000729?np=y\" target=\"_blank\">Info<\/a><\/td>\n<\/tr>\n<tr class=\"alt\">\n<td width=\"200\">From management to stewardship: viewing forests as complex adaptive systems in an uncertain world<\/td>\n<td width=\"120\">Conservation Letters<\/td>\n<td width=\"104\">2014<\/td>\n<td width=\"113\">Messier C, Puettmann K, Chazdon R, Andersson K, Angers V, Brotons L, Filotas E, Tittler R, Parrott L, Levin S<\/td>\n<td width=\"140\"><a href=\"http:\/\/onlinelibrary.wiley.com\/doi\/10.1111\/conl.12156\/abstract\" target=\"_blank\">Info<\/a><\/td>\n<\/tr>\n<tr>\n<td width=\"200\">Charcoal dispersion and deposition in boreal lakes from 3 years of monitoring: Differences between local and regional fires<\/td>\n<td width=\"120\">Geophysical Research Letters<\/td>\n<td width=\"104\">2014<\/td>\n<td width=\"113\">Oris, F., Ali, AA., Asselin, H., Paradis, L, Bergeron, Y, Finsinger, W.<\/td>\n<td width=\"140\"><a href=\"http:\/\/onlinelibrary.wiley.com\/wol1\/doi\/10.1002\/2014GL060984\/abstract\" target=\"_blank\">Info<\/a><\/td>\n<\/tr>\n<tr class=\"alt\">\n<td width=\"200\">Effect of increased fire activity on global warming in the boreal forest<\/td>\n<td width=\"120\">Environmental Reviews<\/td>\n<td width=\"104\">2014<\/td>\n<td width=\"113\">Oris, F., Asselin, H., Ali, A. A., Finsinger, W., &amp; Bergeron, Y.<\/td>\n<td width=\"140\"><a href=\"http:\/\/www.nrcresearchpress.com\/doi\/abs\/10.1139\/er-2013-0062#.VxDwq_mLSUk\" target=\"_blank\">Info<\/a><\/td>\n<\/tr>\n<tr>\n<td width=\"200\">Species indicators of ecosystem recovery after reducing large herbivore density: Comparing taxa and testing species combinations<\/td>\n<td width=\"120\">Ecological Indicators<\/td>\n<td width=\"104\">2014<\/td>\n<td width=\"113\">Bachand, M., Pellerin, S., C\u00f4t\u00e9, S. D., Moretti, M., De C\u00e1ceres, M., Brousseau, P.-M., \u2026 Poulin, M.<\/td>\n<td width=\"140\"><a href=\"http:\/\/www.sciencedirect.com\/science\/article\/pii\/S1470160X13003890\" target=\"_blank\">Info<\/a><\/td>\n<\/tr>\n<tr class=\"alt\">\n<td width=\"200\">Long-term fire history in northern Quebec: implications for the northern limit of commercial forests<\/td>\n<td width=\"120\">Journal of Applied Ecology<\/td>\n<td width=\"104\">2014<\/td>\n<td width=\"113\">Oris, F., Asselin, H., Finsinger, W., H\u00e9ly, C., Blarquez, O., Ferland, M.-E., \u2026 Ali, A. A.<\/td>\n<td width=\"140\"><a href=\"http:\/\/onlinelibrary.wiley.com\/doi\/10.1111\/1365-2664.12240\/abstract\" target=\"_blank\">Info<\/a><\/td>\n<\/tr>\n<tr>\n<td width=\"200\">Stand structure in fire refuges of the eastern Canadian boreal mixedwood forest<\/td>\n<td width=\"120\">Forest Ecology and Management<\/td>\n<td width=\"104\">2014<\/td>\n<td width=\"113\">Ouarmim, S., Asselin, H., Bergeron, Y., Ali, A. A., &amp; H\u00e9ly, C.<\/td>\n<td width=\"140\"><a href=\"http:\/\/www.sciencedirect.com\/science\/article\/pii\/S0378112714001881\" target=\"_blank\">Info<\/a><\/td>\n<\/tr>\n<tr class=\"alt\">\n<td width=\"200\">Long-term dynamics of fire refuges in boreal mixedwood forests<\/td>\n<td width=\"120\">Journal of Quaternary Science<\/td>\n<td width=\"104\">2014<\/td>\n<td width=\"113\">Ouarmim, S., Asselin, H., H\u00e9ly, C., Bergeron, Y., &amp; Ali, A. a.<\/td>\n<td width=\"140\"><a href=\"http:\/\/onlinelibrary.wiley.com\/doi\/10.1002\/jqs.2685\/abstract?systemMessage=Subscribe+and+renew+is+currently+unavailable+online.+Please+contact+customer+care+to+place+an+order%3A++http%3A%2F%2Folabout.wiley.com%2FWileyCDA%2FSection%2Fid-397203.html++.Apologies+for+the+inconvenience.\" target=\"_blank\">Info<\/a><\/td>\n<\/tr>\n<tr>\n<td width=\"200\">Paleofire reconstruction based on an ensemble-member strategy applied to sedimentary charcoal<\/td>\n<td width=\"120\">Geophysical Research Letters<\/td>\n<td width=\"104\">2013<\/td>\n<td width=\"113\">Blarquez, O., Girardin, MP ., Leys B., Ali, A. A. Aleman J.C., Bergeron, Y., Carcaillet, C<\/td>\n<td width=\"140\"><a href=\"http:\/\/onlinelibrary.wiley.com\/wol1\/doi\/10.1002\/grl.50504\/full\" target=\"_blank\">Info<\/a><\/td>\n<\/tr>\n<tr class=\"alt\">\n<td width=\"200\">Tracking land-cover changes with sedimentary charcoal in the Afrotropics<\/td>\n<td width=\"120\">The Holocene<\/td>\n<td width=\"104\">2013<\/td>\n<td width=\"113\">Aleman, J. C., Blarquez, O., Bentaleb, I., Bonte, P., Brossier, B., Carcaillet, C., \u2026 Favier, C.<\/td>\n<td width=\"140\"><a href=\"http:\/\/hol.sagepub.com\/content\/23\/12\/1853.abstract\" target=\"_blank\">Info<\/a><\/td>\n<\/tr>\n<\/tbody>\n<\/table>\n<\/div>\n<p>&nbsp;<\/p>\n","protected":false},"excerpt":{"rendered":"<p>Kick-off Meeting results &nbsp; Project Management Plan (PMP) &nbsp; SCI publications: Title Journal Year Authors +info Assessing the persistence capacity of communities facing natural disturbances on the basis of species response traits. Ecological Indicators 2016 S\u00e1nchez-Pinillos, M; Coll, L; De C\u00e1ceres, M; Am\u00e9ztegui, A. Info Mediterranean fire regime effects on pine-oak forest landscape mosaics under [&hellip;]<\/p>\n","protected":false},"author":1,"featured_media":0,"parent":0,"menu_order":5,"comment_status":"closed","ping_status":"closed","template":"","meta":{"_links_to":"","_links_to_target":""},"_links":{"self":[{"href":"https:\/\/newforests.cat\/index.php?rest_route=\/wp\/v2\/pages\/36"}],"collection":[{"href":"https:\/\/newforests.cat\/index.php?rest_route=\/wp\/v2\/pages"}],"about":[{"href":"https:\/\/newforests.cat\/index.php?rest_route=\/wp\/v2\/types\/page"}],"author":[{"embeddable":true,"href":"https:\/\/newforests.cat\/index.php?rest_route=\/wp\/v2\/users\/1"}],"replies":[{"embeddable":true,"href":"https:\/\/newforests.cat\/index.php?rest_route=%2Fwp%2Fv2%2Fcomments&post=36"}],"version-history":[{"count":19,"href":"https:\/\/newforests.cat\/index.php?rest_route=\/wp\/v2\/pages\/36\/revisions"}],"predecessor-version":[{"id":535,"href":"https:\/\/newforests.cat\/index.php?rest_route=\/wp\/v2\/pages\/36\/revisions\/535"}],"wp:attachment":[{"href":"https:\/\/newforests.cat\/index.php?rest_route=%2Fwp%2Fv2%2Fmedia&parent=36"}],"curies":[{"name":"wp","href":"https:\/\/api.w.org\/{rel}","templated":true}]}}