{"id":214,"date":"2014-05-07T08:49:43","date_gmt":"2014-05-07T08:49:43","guid":{"rendered":"http:\/\/site2.ctfc.cat\/?page_id=214"},"modified":"2014-05-09T06:56:53","modified_gmt":"2014-05-09T06:56:53","slug":"centre-for-forest-research","status":"publish","type":"page","link":"https:\/\/newforests.cat\/?page_id=214","title":{"rendered":"Centre for Forest Research"},"content":{"rendered":"<p><a href=\"http:\/\/www.cef-cfr.ca\/\" target=\"_blank\"><img decoding=\"async\" loading=\"lazy\" class=\"alignnone  wp-image-235\" alt=\"logo_cef_francais_250x190\" src=\"https:\/\/newforests.cat\/wp-content\/uploads\/2014\/05\/logo_cef_francais_250x190.gif\" width=\"175\" height=\"133\" \/><\/a>\u00a0 \u00a0<a href=\"http:\/\/www.uqam.ca\/\" target=\"_blank\"><img decoding=\"async\" loading=\"lazy\" class=\"alignnone  wp-image-243\" alt=\"UQAM\" src=\"https:\/\/newforests.cat\/wp-content\/uploads\/2014\/05\/UQAM.bmp\" width=\"273\" height=\"109\" \/><\/a><a href=\"http:\/\/www.uqat.ca\/\" target=\"_blank\"><img decoding=\"async\" loading=\"lazy\" class=\"alignnone  wp-image-244\" alt=\"uqat\" src=\"https:\/\/newforests.cat\/wp-content\/uploads\/2014\/05\/uqat.jpg\" width=\"264\" height=\"126\" srcset=\"https:\/\/newforests.cat\/wp-content\/uploads\/2014\/05\/uqat.jpg 326w, https:\/\/newforests.cat\/wp-content\/uploads\/2014\/05\/uqat-300x142.jpg 300w\" sizes=\"(max-width: 264px) 100vw, 264px\" \/><\/a><\/p>\n<p>The\u00a0<b>Centre for Forest Research (CEF in French)<\/b>\u00a0is a university-based research centre that draws together scientific expertise in forestry from across the province of Quebec. This centre brings together 57 scientists from 11 Quebec universities (UQAM, UQAT ,Concordia, McGill, UQAC, UQO, UQAR, TELUQ, University of Montreal, University of Sherbrooke and Laval University), and nearly 40 associate scientists, who are distributed among universities and various governmental institutions within Quebec, throughout Canada and internationally. With the inclusion of 400-plus doctoral and master&#8217;s students, CEF is the largest forest ecology research group in Canada and one of the most important in the world. The CFR research teams at\u00a0<b><i>Universit\u00e9 de Qu\u00e9bec a Montreal<\/i>\u00a0(UQAM<\/b><b>)<\/b>\u00a0and\u00a0<b><i>Universit\u00e9 de Qu\u00e9bec en Abitibi-T\u00e9miscamingue\u00a0<\/i>\u00a0(UQAT<\/b><b>)<\/b>\u00a0have catalysed CEF from its birth and are the two institutions representing the network within NEWFORESTS. However, CEF expertise from other research groups will be integrated into the proposal through the collaboration between research teams at UQAT and UQAM. In response to challenges faced by forests in a context of rapid environmental changes, the scientific mission of CEF is to better understand the functioning and dynamics of forest ecosystems, the interactions between their components, as well as their distinctive biology, within a perspective that reconciles conservation of biodiversity with increasing basic commercial productivity.<\/p>\n<p><a title=\"Researchers\"><strong>Researchers<\/strong><\/a><\/p>\n<div class=\"datagrid\">\n<table>\n<thead>\n<tr>\n<th style=\"text-align: center;\" width=\"15%\">Researcher<\/th>\n<th style=\"text-align: center;\" width=\"30%\">Main research topic<\/th>\n<th width=\"10%\"><\/th>\n<th style=\"text-align: center;\" width=\"15%\">Researcher<\/th>\n<th style=\"text-align: center;\" width=\"30%\">Main research topic<\/th>\n<\/tr>\n<\/thead>\n<tbody>\n<tr>\n<td>\u00a0<a href=\"https:\/\/newforests.cat\/wp-content\/uploads\/2014\/05\/PierreDrapeau.gif\"><img decoding=\"async\" loading=\"lazy\" class=\"alignnone  wp-image-292\" alt=\"PierreDrapeau\" src=\"https:\/\/newforests.cat\/wp-content\/uploads\/2014\/05\/PierreDrapeau.gif\" width=\"85\" height=\"112\" \/><\/a><\/td>\n<td><strong>Pierre Drapeau<\/strong><br \/>\n<a href=\"mailto:drapeau.pierre@uqam.ca\">Email<\/a><br \/>\nAnimal ecology<\/td>\n<td><\/td>\n<td>\u00a0<a href=\"https:\/\/newforests.cat\/wp-content\/uploads\/2014\/05\/YvesBergeron.jpg\"><img decoding=\"async\" loading=\"lazy\" class=\"alignnone  wp-image-295\" alt=\"YvesBergeron\" src=\"https:\/\/newforests.cat\/wp-content\/uploads\/2014\/05\/YvesBergeron.jpg\" width=\"81\" height=\"108\" \/><\/a><\/td>\n<td><strong>Yves Bergeron<\/strong><br \/>\n<a href=\"mailto:yves.bergeron@uqat.ca\">Email<\/a><br \/>\nForest ecology<\/td>\n<\/tr>\n<tr class=\"alt\">\n<td>\u00a0<a href=\"https:\/\/newforests.cat\/wp-content\/uploads\/2014\/05\/MessierChristianCabane.gif\"><img decoding=\"async\" loading=\"lazy\" class=\"alignnone  wp-image-305\" alt=\"MessierChristianCabane\" src=\"https:\/\/newforests.cat\/wp-content\/uploads\/2014\/05\/MessierChristianCabane.gif\" width=\"89\" height=\"119\" \/><\/a><\/td>\n<td><strong>Christian Messier<\/strong><br \/>\n<a href=\"mailto:christian.messier@uqo.ca\">Email<\/a><br \/>\nApplied forest ecology<\/td>\n<td><\/td>\n<td>\u00a0<a href=\"https:\/\/newforests.cat\/wp-content\/uploads\/2014\/05\/DanielKneeshaw.jpg\"><img decoding=\"async\" loading=\"lazy\" class=\"alignnone  wp-image-300\" alt=\"DanielKneeshaw\" src=\"https:\/\/newforests.cat\/wp-content\/uploads\/2014\/05\/DanielKneeshaw.jpg\" width=\"81\" height=\"108\" \/><\/a><\/td>\n<td><strong>Dan Kneeshaw<\/strong><br \/>\n<a href=\"mailto:kneeshaw.daniel@uqam.ca\">Email<\/a><br \/>\nForest ecology<\/td>\n<\/tr>\n<tr>\n<td>\u00a0<a href=\"https:\/\/newforests.cat\/wp-content\/uploads\/2014\/05\/LouisImbeau.jpg\"><img decoding=\"async\" loading=\"lazy\" class=\"alignnone  wp-image-303\" alt=\"LouisImbeau\" src=\"https:\/\/newforests.cat\/wp-content\/uploads\/2014\/05\/LouisImbeau.jpg\" width=\"90\" height=\"120\" \/><\/a><\/td>\n<td><strong>Louis Imbeau<\/strong><br \/>\n<a href=\"mailto:louis.imbeau@uqat.ca\">Email<\/a><br \/>\nAnimal ecology, wildlife management and conservation<\/td>\n<td><\/td>\n<td>\u00a0<a href=\"https:\/\/newforests.cat\/wp-content\/uploads\/2014\/05\/SylvieGauthier.gif\"><img decoding=\"async\" loading=\"lazy\" class=\"alignnone  wp-image-294\" alt=\"SylvieGauthier\" src=\"https:\/\/newforests.cat\/wp-content\/uploads\/2014\/05\/SylvieGauthier.gif\" width=\"116\" height=\"87\" \/><\/a><\/td>\n<td><strong>Sylvie Gauthier<\/strong><br \/>\n<a href=\"mailto:Sylvie.Gauthier@nrcan-rncan.gc.ca\">Email<\/a><br \/>\nForest ecology<\/td>\n<\/tr>\n<tr class=\"alt\">\n<td>\u00a0<a href=\"https:\/\/newforests.cat\/wp-content\/uploads\/2014\/05\/PaquetteA.jpg\"><img decoding=\"async\" loading=\"lazy\" class=\"alignnone  wp-image-306\" alt=\"PaquetteA\" src=\"https:\/\/newforests.cat\/wp-content\/uploads\/2014\/05\/PaquetteA.jpg\" width=\"90\" height=\"120\" \/><\/a><\/td>\n<td><strong>Alain Paquette<\/strong><br \/>\n<a href=\"mailto:alain.paquette@gmail.com\">Email<\/a><br \/>\nTree ecology and biodiversity<\/td>\n<td><\/td>\n<td>\u00a0<a href=\"https:\/\/newforests.cat\/wp-content\/uploads\/2014\/05\/SuzanneBrais.jpg\"><img decoding=\"async\" loading=\"lazy\" class=\"alignnone  wp-image-293\" alt=\"SuzanneBrais\" src=\"https:\/\/newforests.cat\/wp-content\/uploads\/2014\/05\/SuzanneBrais.jpg\" width=\"90\" height=\"120\" \/><\/a><\/td>\n<td><strong>Suzanne Brais<\/strong><br \/>\n<a href=\"mailto:suzanne.brais@uqat.ca\">Email<\/a><br \/>\nSoil ecology and forest nutrition<\/td>\n<\/tr>\n<tr>\n<td>\u00a0<a href=\"https:\/\/newforests.cat\/wp-content\/uploads\/2014\/05\/BrianHarveyRiver.jpg\"><img decoding=\"async\" loading=\"lazy\" class=\"alignnone  wp-image-298\" alt=\"BrianHarveyRiver\" src=\"https:\/\/newforests.cat\/wp-content\/uploads\/2014\/05\/BrianHarveyRiver.jpg\" width=\"92\" height=\"133\" \/><\/a><\/td>\n<td><strong>Brian Harvey<\/strong><br \/>\n<a href=\"mailto:brian.harvey@uqat.ca\">Email<\/a><br \/>\nForestry and applied forest ecology<\/td>\n<td><\/td>\n<td>\u00a0<a href=\"https:\/\/newforests.cat\/wp-content\/uploads\/2014\/05\/MarcMazerolle.jpg\"><img decoding=\"async\" loading=\"lazy\" class=\"alignnone  wp-image-304\" alt=\"MarcMazerolle\" src=\"https:\/\/newforests.cat\/wp-content\/uploads\/2014\/05\/MarcMazerolle.jpg\" width=\"90\" height=\"120\" \/><\/a><\/td>\n<td><strong>Marc Mazzerole<\/strong><br \/>\n<a href=\"mailto:marc.mazerolle@uqat.ca\">Email<\/a><br \/>\nStatistiques<\/td>\n<\/tr>\n<tr class=\"alt\">\n<td>\u00a0<a href=\"https:\/\/newforests.cat\/wp-content\/uploads\/2014\/05\/GirardinIMG_7323.jpg\"><img decoding=\"async\" loading=\"lazy\" class=\"alignnone  wp-image-301\" alt=\"GirardinIMG_7323\" src=\"https:\/\/newforests.cat\/wp-content\/uploads\/2014\/05\/GirardinIMG_7323.jpg\" width=\"95\" height=\"144\" srcset=\"https:\/\/newforests.cat\/wp-content\/uploads\/2014\/05\/GirardinIMG_7323.jpg 263w, https:\/\/newforests.cat\/wp-content\/uploads\/2014\/05\/GirardinIMG_7323-197x300.jpg 197w\" sizes=\"(max-width: 95px) 100vw, 95px\" \/><\/a><\/td>\n<td><strong>Martin Girardin<\/strong><br \/>\n<a href=\"mailto:Martin.Girardin@rncan.gc.ca\">Email<\/a><br \/>\nForest productivity<\/td>\n<td><\/td>\n<td>\u00a0<a href=\"https:\/\/newforests.cat\/wp-content\/uploads\/2014\/05\/HugoAasselin2.jpg\"><img decoding=\"async\" loading=\"lazy\" class=\"alignnone  wp-image-302\" alt=\"HugoAasselin2\" src=\"https:\/\/newforests.cat\/wp-content\/uploads\/2014\/05\/HugoAasselin2.jpg\" width=\"95\" height=\"130\" \/><\/a><\/td>\n<td><strong>Hugo Asselin<\/strong><br \/>\n<a href=\"mailto:hugo.asselin@uqat.ca\">Email<\/a><br \/>\nAboriginal forestry and paleoecology<\/td>\n<\/tr>\n<tr>\n<td>\u00a0<a href=\"https:\/\/newforests.cat\/wp-content\/uploads\/2014\/05\/AlainLeduc2010.jpg\"><img decoding=\"async\" loading=\"lazy\" class=\"alignnone  wp-image-296\" alt=\"AlainLeduc2010\" src=\"https:\/\/newforests.cat\/wp-content\/uploads\/2014\/05\/AlainLeduc2010.jpg\" width=\"96\" height=\"116\" \/><\/a><\/td>\n<td><strong>Alain Leduc<\/strong><br \/>\n<a href=\"mailto:leduc.alain@uqam.ca\">Email<\/a><br \/>\nEcology and forest management<\/td>\n<td><\/td>\n<td>\u00a0<a href=\"https:\/\/newforests.cat\/wp-content\/uploads\/2014\/05\/AndreDesrochers.png\"><img decoding=\"async\" loading=\"lazy\" class=\"alignnone  wp-image-297\" alt=\"AndreDesrochers\" src=\"https:\/\/newforests.cat\/wp-content\/uploads\/2014\/05\/AndreDesrochers.png\" width=\"90\" height=\"119\" \/><\/a><\/td>\n<td><strong>Andr\u00e9 Desrochers<\/strong><br \/>\n<a href=\"mailto:andre.desrochers@sbf.ulaval.ca\">Email<\/a><br \/>\nOrnithology, animal behavior and forestry<\/td>\n<\/tr>\n<tr class=\"alt\">\n<td>\u00a0<a href=\"https:\/\/newforests.cat\/wp-content\/uploads\/2014\/05\/DanielFortin.png\"><img decoding=\"async\" loading=\"lazy\" class=\"alignnone  wp-image-299\" alt=\"DanielFortin\" src=\"https:\/\/newforests.cat\/wp-content\/uploads\/2014\/05\/DanielFortin.png\" width=\"90\" height=\"119\" \/><\/a><\/td>\n<td><strong>Daniel Fortin<\/strong><br \/>\n<a href=\"mailto:daniel.fortin@bio.ulaval.ca\">Email<\/a><br \/>\nAnimal ecology and conservation<\/td>\n<td><\/td>\n<td><\/td>\n<td><strong>Marie-Jos\u00e9e Fortin<\/strong><br \/>\n<a href=\"mailto:mariejosee.fortin@utoronto.ca\">Email<\/a><br \/>\nSpatial Ecology<\/td>\n<\/tr>\n<\/tbody>\n<\/table>\n<\/div>\n<p>&nbsp;<\/p>\n","protected":false},"excerpt":{"rendered":"<p>\u00a0 \u00a0 The\u00a0Centre for Forest Research (CEF in French)\u00a0is a university-based research centre that draws together scientific expertise in forestry from across the province of Quebec. This centre brings together 57 scientists from 11 Quebec universities (UQAM, UQAT ,Concordia, McGill, UQAC, UQO, UQAR, TELUQ, University of Montreal, University of Sherbrooke and Laval University), and nearly [&hellip;]<\/p>\n","protected":false},"author":1,"featured_media":0,"parent":20,"menu_order":0,"comment_status":"closed","ping_status":"closed","template":"","meta":{"_links_to":"","_links_to_target":""},"_links":{"self":[{"href":"https:\/\/newforests.cat\/index.php?rest_route=\/wp\/v2\/pages\/214"}],"collection":[{"href":"https:\/\/newforests.cat\/index.php?rest_route=\/wp\/v2\/pages"}],"about":[{"href":"https:\/\/newforests.cat\/index.php?rest_route=\/wp\/v2\/types\/page"}],"author":[{"embeddable":true,"href":"https:\/\/newforests.cat\/index.php?rest_route=\/wp\/v2\/users\/1"}],"replies":[{"embeddable":true,"href":"https:\/\/newforests.cat\/index.php?rest_route=%2Fwp%2Fv2%2Fcomments&post=214"}],"version-history":[{"count":18,"href":"https:\/\/newforests.cat\/index.php?rest_route=\/wp\/v2\/pages\/214\/revisions"}],"predecessor-version":[{"id":372,"href":"https:\/\/newforests.cat\/index.php?rest_route=\/wp\/v2\/pages\/214\/revisions\/372"}],"up":[{"embeddable":true,"href":"https:\/\/newforests.cat\/index.php?rest_route=\/wp\/v2\/pages\/20"}],"wp:attachment":[{"href":"https:\/\/newforests.cat\/index.php?rest_route=%2Fwp%2Fv2%2Fmedia&parent=214"}],"curies":[{"name":"wp","href":"https:\/\/api.w.org\/{rel}","templated":true}]}}