{"id":208,"date":"2014-05-07T08:48:04","date_gmt":"2014-05-07T08:48:04","guid":{"rendered":"http:\/\/site2.ctfc.cat\/?page_id=208"},"modified":"2014-05-09T06:57:10","modified_gmt":"2014-05-09T06:57:10","slug":"forest-sciences-centre-of-catalonia","status":"publish","type":"page","link":"https:\/\/newforests.cat\/?page_id=208","title":{"rendered":"Forest Sciences Centre of Catalonia"},"content":{"rendered":"<p><a href=\"http:\/\/www.ctfc.cat\/\" target=\"_blank\"><img decoding=\"async\" loading=\"lazy\" class=\"wp-image-225 aligncenter\" title=\"CTFC\" alt=\"LOGO CENTRE TECNOLOGIC_ENG\" src=\"https:\/\/newforests.cat\/wp-content\/uploads\/2014\/05\/LOGO-CENTRE-TECNOLOGIC-+R-COLOR-ENGLISH.jpg\" width=\"353\" height=\"156\" srcset=\"https:\/\/newforests.cat\/wp-content\/uploads\/2014\/05\/LOGO-CENTRE-TECNOLOGIC-+R-COLOR-ENGLISH.jpg 573w, https:\/\/newforests.cat\/wp-content\/uploads\/2014\/05\/LOGO-CENTRE-TECNOLOGIC-+R-COLOR-ENGLISH-300x132.jpg 300w\" sizes=\"(max-width: 353px) 100vw, 353px\" \/><\/a><\/p>\n<p>The\u00a0<b>Forest Sciences Centre of Catalonia (CTFC),<\/b>\u00a0based in Solsona (Lleida, Spain), was created in 1996 in the form of a public consortium jointly run by Solson\u00e8s County Council, the University of Lleida, Lleida Provincial Council, the Catalan Foundation for Research and Innovation, the Integrated Rural Development Centre of Catalonia and the Government of Catalonia. Its dynamics has been characterised by growth meaning that nowadays the institution has more than a hundred professionals on its staff, including scientists, technicians, students on work placements and administrative staff, and it enjoys the support of administrations, institutions and companies that help with its day-to-day work. CTFC activity is articulated around three strongly linked working plans: (1) operation of agroforestry ecosystems, (2) governance and socio-economics in the rural environment and (3) multifunctional environmental management. The CTFC\u2019s activity is not merely restricted to competitive research but also includes technology and knowledge transfer and training, representing a considerable fraction of the applications developed by the institute. Technology transfer in the form of agreements with the private sector and public administrations is complemented with the organisation of seminars for the general public and agents from the sector (managers, owners, experts, the administration, scientists, etc.) at national and international level, contributing to the transfer of this knowledge and the generation of debate. In the training sphere, the CTFC\u2019s activity embraces everything from basic training for workers to life-long learning and specialised education in the form of post-graduate studies and masters degrees.<\/p>\n<p><a title=\"Researchers\"><strong>Researchers<\/strong><\/a><\/p>\n<div class=\"datagrid\">\n<table>\n<thead>\n<tr>\n<th style=\"text-align: center;\" width=\"15%\">Researcher<\/th>\n<th style=\"text-align: center;\" width=\"30%\">Main research topic<\/th>\n<th width=\"10%\"><\/th>\n<th style=\"text-align: center;\" width=\"15%\">Researcher<\/th>\n<th style=\"text-align: center;\" width=\"30%\">Main research topic<\/th>\n<\/tr>\n<\/thead>\n<tbody>\n<tr>\n<td>\u00a0<a href=\"https:\/\/newforests.cat\/wp-content\/uploads\/2014\/02\/LLUISBROTONS1.jpg\"><img decoding=\"async\" loading=\"lazy\" class=\"alignnone  wp-image-168\" alt=\"LLUISBROTONS1\" src=\"https:\/\/newforests.cat\/wp-content\/uploads\/2014\/02\/LLUISBROTONS1.jpg\" width=\"90\" height=\"120\" \/><\/a><\/td>\n<td><strong>Llu\u00eds Brotons<\/strong><br \/>\n<a href=\"mailto:lluis.brotons@ctfc.es\">Email<\/a><br \/>\nBiodiversity, spatial ecology, landscape modelling and project coordination<\/td>\n<td><\/td>\n<td>\u00a0<a href=\"https:\/\/newforests.cat\/wp-content\/uploads\/2014\/02\/LluisColl.jpg\"><img decoding=\"async\" loading=\"lazy\" class=\"alignnone  wp-image-169\" alt=\"LluisColl\" src=\"https:\/\/newforests.cat\/wp-content\/uploads\/2014\/02\/LluisColl.jpg\" width=\"90\" height=\"120\" \/><\/a><\/td>\n<td><strong>Llu\u00eds Coll<\/strong><br \/>\n<a href=\"mailto:Lluis.coll@ctfc.es\">Email<\/a><br \/>\nForest ecology, disturbance dynamics, adaptive management<\/td>\n<\/tr>\n<tr class=\"alt\">\n<td>\u00a0<a href=\"https:\/\/newforests.cat\/wp-content\/uploads\/2014\/02\/JOSEANTONIOBONET.jpg\"><img decoding=\"async\" loading=\"lazy\" class=\"alignnone  wp-image-167\" alt=\"JOSEANTONIOBONET\" src=\"https:\/\/newforests.cat\/wp-content\/uploads\/2014\/02\/JOSEANTONIOBONET.jpg\" width=\"90\" height=\"120\" \/><\/a><\/td>\n<td><strong>Jos\u00e9 Antonio Bonet<\/strong><br \/>\n<a href=\"mailto:jantonio.bonet@ctfc.cat\">Email<\/a><br \/>\nMycosilviculture, fungal productivity and diversity<\/td>\n<td><\/td>\n<td>\u00a0<a href=\"https:\/\/newforests.cat\/wp-content\/uploads\/2014\/05\/JoserraGonzalez.jpg\"><img decoding=\"async\" loading=\"lazy\" class=\"alignnone  wp-image-283\" alt=\"JoserraGonzalez\" src=\"https:\/\/newforests.cat\/wp-content\/uploads\/2014\/05\/JoserraGonzalez.jpg\" width=\"86\" height=\"114\" \/><\/a><\/td>\n<td><strong>Jos\u00e9 Ram\u00f3n Gonz\u00e1lez<\/strong><br \/>\n<a href=\"mailto:jr.gonzalez@ctfc.cat\">Email<\/a><br \/>\nForest managment and planning, forest disturbances,\u00a0forest inventory<\/td>\n<\/tr>\n<tr>\n<td>\u00a0<a href=\"https:\/\/newforests.cat\/wp-content\/uploads\/2014\/05\/PEREROVIRA.jpg\"><img decoding=\"async\" loading=\"lazy\" class=\"alignnone  wp-image-285\" alt=\"PEREROVIRA\" src=\"https:\/\/newforests.cat\/wp-content\/uploads\/2014\/05\/PEREROVIRA.jpg\" width=\"90\" height=\"120\" \/><\/a><\/td>\n<td><strong>Pere Rovira<\/strong><br \/>\n<a href=\"mailto:pere.rovira@ctfc.cat\">Email<\/a><br \/>\nSoil science, forest soils, soil organic matter, soil fertility, land use, carbon cycle, carbon sequestration<\/td>\n<td><\/td>\n<td>\u00a0<a href=\"https:\/\/newforests.cat\/wp-content\/uploads\/2014\/05\/PERECASALS.jpg\"><img decoding=\"async\" loading=\"lazy\" class=\"alignnone  wp-image-284\" alt=\"PERECASALS\" src=\"https:\/\/newforests.cat\/wp-content\/uploads\/2014\/05\/PERECASALS.jpg\" width=\"90\" height=\"120\" \/><\/a><\/td>\n<td><strong>Pere Casals<\/strong><br \/>\n<a href=\"mailto:pere.casals@ctfc.cat\">Email<\/a><br \/>\nPlant and soil relationships; plant ecology; C and N dynamics; understory prescribed fires; shrub ecosystems management<\/td>\n<\/tr>\n<tr class=\"alt\">\n<td>\u00a0<a href=\"https:\/\/newforests.cat\/wp-content\/uploads\/2014\/05\/MIQUELDECACERES.jpg\"><img decoding=\"async\" loading=\"lazy\" class=\"alignnone  wp-image-286\" alt=\"MIQUELDECACERES\" src=\"https:\/\/newforests.cat\/wp-content\/uploads\/2014\/05\/MIQUELDECACERES.jpg\" width=\"90\" height=\"120\" \/><\/a><\/td>\n<td><strong>Miquel de C\u00e1ceres<\/strong><br \/>\n<a href=\"mailto:miquel.caceres@ctfc.cat\">Email<\/a><br \/>\nLandscape simulation modelling, plant beta diversity<\/td>\n<td><\/td>\n<td><\/td>\n<td><\/td>\n<\/tr>\n<\/tbody>\n<\/table>\n<\/div>\n<p>&nbsp;<\/p>\n","protected":false},"excerpt":{"rendered":"<p>The\u00a0Forest Sciences Centre of Catalonia (CTFC),\u00a0based in Solsona (Lleida, Spain), was created in 1996 in the form of a public consortium jointly run by Solson\u00e8s County Council, the University of Lleida, Lleida Provincial Council, the Catalan Foundation for Research and Innovation, the Integrated Rural Development Centre of Catalonia and the Government of Catalonia. Its dynamics [&hellip;]<\/p>\n","protected":false},"author":1,"featured_media":0,"parent":20,"menu_order":0,"comment_status":"closed","ping_status":"closed","template":"","meta":{"_links_to":"","_links_to_target":""},"_links":{"self":[{"href":"https:\/\/newforests.cat\/index.php?rest_route=\/wp\/v2\/pages\/208"}],"collection":[{"href":"https:\/\/newforests.cat\/index.php?rest_route=\/wp\/v2\/pages"}],"about":[{"href":"https:\/\/newforests.cat\/index.php?rest_route=\/wp\/v2\/types\/page"}],"author":[{"embeddable":true,"href":"https:\/\/newforests.cat\/index.php?rest_route=\/wp\/v2\/users\/1"}],"replies":[{"embeddable":true,"href":"https:\/\/newforests.cat\/index.php?rest_route=%2Fwp%2Fv2%2Fcomments&post=208"}],"version-history":[{"count":15,"href":"https:\/\/newforests.cat\/index.php?rest_route=\/wp\/v2\/pages\/208\/revisions"}],"predecessor-version":[{"id":356,"href":"https:\/\/newforests.cat\/index.php?rest_route=\/wp\/v2\/pages\/208\/revisions\/356"}],"up":[{"embeddable":true,"href":"https:\/\/newforests.cat\/index.php?rest_route=\/wp\/v2\/pages\/20"}],"wp:attachment":[{"href":"https:\/\/newforests.cat\/index.php?rest_route=%2Fwp%2Fv2%2Fmedia&parent=208"}],"curies":[{"name":"wp","href":"https:\/\/api.w.org\/{rel}","templated":true}]}}